{"id":2521,"date":"2025-09-25T01:28:14","date_gmt":"2025-09-25T01:28:14","guid":{"rendered":"https:\/\/goodgamergroup.com\/2521-2\/"},"modified":"2025-11-21T23:23:31","modified_gmt":"2025-11-21T23:23:31","slug":"2521-2","status":"publish","type":"page","link":"https:\/\/goodgamergroup.com\/pt-br\/2521-2\/","title":{"rendered":"Te"},"content":{"rendered":"<p>A passagem padr\u00e3o de Lorem Ipsum, usada desde os anos 1500<\/p>\n<p>\u201cLorem ipsum dolor sit amet, consectetur adipiscing elit, sed do eiusmod tempor incididunt ut labore et dolore magna aliqua. Ut enim ad minim veniam, quis nostrud exercitation ullamco laboris nisi ut aliquip ex ea commodo consequat. Duis aute irure dolor in reprehenderit in voluptate velit esse cillum dolore eu fugiat nulla pariatur. Excepteur sint occaecat cupidatat non proident, sunt in culpa qui officia deserunt mollit anim id est laborum.\u201d<br \/>\nSe\u00e7\u00e3o 1.10.32 de \u201cde Finibus Bonorum et Malorum\u201d, escrito por C\u00edcero em 45 a.C.<\/p>\n<p>\u201cSed ut perspiciatis unde omnis iste natus error sit voluptatem accusantium doloremque laudantium, totam rem aperiam, eaque ipsa quae ab illo inventore veritatis et quasi architecto beatae vitae dicta sunt explicabo. Nemo enim ipsam voluptatem quia voluptas sit aspernatur aut odit aut fugit, sed quia consequuntur magni dolores eos qui ratione voluptatem sequi nesciunt. Neque porro quisquam est, qui dolorem ipsum quia dolor sit amet, consectetur, adipisci velit, sed quia non numquam eius modi tempora incidunt ut labore et dolore magnam aliquam quaerat voluptatem. Ut enim ad minima veniam, quis nostrum exercitationem ullam corporis suscipit laboriosam, nisi ut aliquid ex ea commodi consequatur? Quis autem vel eum iure reprehenderit qui in ea voluptate velit esse quam nihil molestiae consequatur, vel illum qui dolorem eum fugiat quo voluptas nulla pariatur?\u201d<br \/>\nTradu\u00e7\u00e3o de 1914 por H. Rackham<\/p>\n<p>\u201cMas devo explicar a voc\u00ea como toda essa ideia equivocada de denunciar o prazer e elogiar a dor nasceu e darei a voc\u00ea um relato completo do sistema e exporei os ensinamentos reais do grande explorador da verdade, o mestre-construtor da felicidade humana. Ningu\u00e9m rejeita, n\u00e3o gosta ou evita o prazer em si, porque \u00e9 prazer, mas porque aqueles que n\u00e3o sabem como buscar o prazer racionalmente encontram consequ\u00eancias extremamente dolorosas. Nem novamente h\u00e1 algu\u00e9m que ame ou busque ou deseje obter dor em si, porque \u00e9 dor, mas porque ocasionalmente ocorrem circunst\u00e2ncias em que o trabalho e a dor podem lhe proporcionar algum grande prazer. Para dar um exemplo trivial, qual de n\u00f3s jamais se submete a exerc\u00edcios f\u00edsicos trabalhosos, exceto para obter alguma vantagem disso? Mas quem tem o direito de criticar um homem que escolhe desfrutar de um prazer que n\u00e3o tem consequ\u00eancias irritantes, ou algu\u00e9m que evita uma dor que n\u00e3o produz prazer resultante?\u201d<br \/>\nSe\u00e7\u00e3o 1.10.33 de \u201cde Finibus Bonorum et Malorum\u201d, escrito por C\u00edcero em 45 a.C.<\/p>\n<p>\u201cAt vero eos et accusamus et iusto odio dignissimos ducimus qui blanditiis praesentium voluptatum deleniti atque corrupti quos dolores et quas molestias excepturi sint occaecati cupiditate non provident, similique sunt in culpa qui officia deserunt mollitia animi, id est laborum et dolorum fuga. Et harum quidem rerum facilis est et expedita distinctio. Nam libero tempore, cum soluta nobis est eligendi optio cumque nihil impedit quo minus id quod maxime placeat facere possimus, omnis voluptas assumenda est, omnis dolor repellendus. Temporibus autem quibusdam et aut officiis debitis aut rerum necessitatibus saepe eveniet ut et voluptates repudiandae sint et molestiae non recusandae. Itaque earum rerum hic tenetur a sapiente delectus, ut aut reiciendis voluptatibus maiores alias consequatur aut perferendis doloribus asperiores repellat.\u201d<br \/>\nTradu\u00e7\u00e3o de 1914 por H. Rackham<\/p>\n<p>\u201cPor outro lado, denunciamos com justa indigna\u00e7\u00e3o e avers\u00e3o os homens que s\u00e3o t\u00e3o enganados e desmoralizados pelos encantos do prazer do momento, t\u00e3o cegados pelo desejo, que n\u00e3o conseguem prever a dor e os problemas que certamente vir\u00e3o; e igual culpa pertence \u00e0queles que falham em seu dever por fraqueza de vontade, o que \u00e9 o mesmo que dizer por se esquivarem do trabalho e da dor. Esses casos s\u00e3o perfeitamente simples e f\u00e1ceis de distinguir. Em uma hora livre, quando nosso poder de escolha \u00e9 irrestrito e quando nada nos impede de sermos capazes de fazer o que mais gostamos, todo prazer deve ser bem-vindo e toda dor evitada. Mas em certas circunst\u00e2ncias e devido \u00e0s reivindica\u00e7\u00f5es do dever ou \u00e0s obriga\u00e7\u00f5es dos neg\u00f3cios, frequentemente ocorrer\u00e1 que os prazeres ter\u00e3o que ser repudiados e os aborrecimentos aceitos. O homem s\u00e1bio, portanto, sempre mant\u00e9m nestes assuntos este princ\u00edpio de sele\u00e7\u00e3o: ele rejeita os prazeres para garantir outros prazeres maiores, ou ent\u00e3o suporta as dores para evitar dores piores.\u201d<\/p>\n","protected":false},"excerpt":{"rendered":"<p>A passagem padr\u00e3o de Lorem Ipsum, usada desde os anos 1500 \u201cLorem ipsum dolor sit amet, consectetur adipiscing elit, sed do eiusmod tempor incididunt ut labore et dolore magna aliqua. Ut enim ad minim veniam, quis nostrud exercitation ullamco laboris nisi ut aliquip ex ea commodo consequat. Duis aute irure dolor in reprehenderit in voluptate [&hellip;]<\/p>\n","protected":false},"author":3,"featured_media":0,"parent":0,"menu_order":0,"comment_status":"closed","ping_status":"closed","template":"","meta":{"footnotes":""},"class_list":["post-2521","page","type-page","status-publish","hentry"],"yoast_head":"<!-- This site is optimized with the Yoast SEO plugin v27.1.1 - https:\/\/yoast.com\/product\/yoast-seo-wordpress\/ -->\n<title>Te - Good Gamer Group<\/title>\n<meta name=\"robots\" content=\"index, follow, max-snippet:-1, max-image-preview:large, max-video-preview:-1\" \/>\n<link rel=\"canonical\" href=\"https:\/\/goodgamergroup.com\/pt-br\/2521-2\/\" \/>\n<meta property=\"og:locale\" content=\"pt_BR\" \/>\n<meta property=\"og:type\" content=\"article\" \/>\n<meta property=\"og:title\" content=\"Te - Good Gamer Group\" \/>\n<meta property=\"og:description\" content=\"A passagem padr\u00e3o de Lorem Ipsum, usada desde os anos 1500 \u201cLorem ipsum dolor sit amet, consectetur adipiscing elit, sed do eiusmod tempor incididunt ut labore et dolore magna aliqua. Ut enim ad minim veniam, quis nostrud exercitation ullamco laboris nisi ut aliquip ex ea commodo consequat. Duis aute irure dolor in reprehenderit in voluptate [&hellip;]\" \/>\n<meta property=\"og:url\" content=\"https:\/\/goodgamergroup.com\/pt-br\/2521-2\/\" \/>\n<meta property=\"og:site_name\" content=\"Good Gamer Group\" \/>\n<meta property=\"article:modified_time\" content=\"2025-11-21T23:23:31+00:00\" \/>\n<meta name=\"twitter:card\" content=\"summary_large_image\" \/>\n<meta name=\"twitter:label1\" content=\"Est. tempo de leitura\" \/>\n\t<meta name=\"twitter:data1\" content=\"4 minutos\" \/>\n<script type=\"application\/ld+json\" class=\"yoast-schema-graph\">{\"@context\":\"https:\/\/schema.org\",\"@graph\":[{\"@type\":\"WebPage\",\"@id\":\"https:\/\/goodgamergroup.com\/pt-br\/2521-2\/\",\"url\":\"https:\/\/goodgamergroup.com\/pt-br\/2521-2\/\",\"name\":\"Te - Good Gamer Group\",\"isPartOf\":{\"@id\":\"https:\/\/goodgamergroup.com\/pt-br\/#website\"},\"datePublished\":\"2025-09-25T01:28:14+00:00\",\"dateModified\":\"2025-11-21T23:23:31+00:00\",\"breadcrumb\":{\"@id\":\"https:\/\/goodgamergroup.com\/pt-br\/2521-2\/#breadcrumb\"},\"inLanguage\":\"pt-BR\",\"potentialAction\":[{\"@type\":\"ReadAction\",\"target\":[\"https:\/\/goodgamergroup.com\/pt-br\/2521-2\/\"]}]},{\"@type\":\"BreadcrumbList\",\"@id\":\"https:\/\/goodgamergroup.com\/pt-br\/2521-2\/#breadcrumb\",\"itemListElement\":[{\"@type\":\"ListItem\",\"position\":1,\"name\":\"Home\",\"item\":\"https:\/\/goodgamergroup.com\/pt-br\/inicio\/\"},{\"@type\":\"ListItem\",\"position\":2,\"name\":\"Te\"}]},{\"@type\":\"WebSite\",\"@id\":\"https:\/\/goodgamergroup.com\/pt-br\/#website\",\"url\":\"https:\/\/goodgamergroup.com\/pt-br\/\",\"name\":\"Good Gamer Group\",\"description\":\"Seu site do WP Engine superpotente\",\"publisher\":{\"@id\":\"https:\/\/goodgamergroup.com\/pt-br\/#organization\"},\"potentialAction\":[{\"@type\":\"SearchAction\",\"target\":{\"@type\":\"EntryPoint\",\"urlTemplate\":\"https:\/\/goodgamergroup.com\/pt-br\/?s={search_term_string}\"},\"query-input\":{\"@type\":\"PropertyValueSpecification\",\"valueRequired\":true,\"valueName\":\"search_term_string\"}}],\"inLanguage\":\"pt-BR\"},{\"@type\":\"Organization\",\"@id\":\"https:\/\/goodgamergroup.com\/pt-br\/#organization\",\"name\":\"Good Gamer Group\",\"url\":\"https:\/\/goodgamergroup.com\/pt-br\/\",\"logo\":{\"@type\":\"ImageObject\",\"inLanguage\":\"pt-BR\",\"@id\":\"https:\/\/goodgamergroup.com\/pt-br\/#\/schema\/logo\/image\/\",\"url\":\"https:\/\/goodgamergroup.com\/wp-content\/uploads\/2025\/09\/ggg-logo.webp\",\"contentUrl\":\"https:\/\/goodgamergroup.com\/wp-content\/uploads\/2025\/09\/ggg-logo.webp\",\"width\":378,\"height\":104,\"caption\":\"Good Gamer Group\"},\"image\":{\"@id\":\"https:\/\/goodgamergroup.com\/pt-br\/#\/schema\/logo\/image\/\"}}]}<\/script>\n<!-- \/ Yoast SEO plugin. -->","yoast_head_json":{"title":"Te - Good Gamer Group","robots":{"index":"index","follow":"follow","max-snippet":"max-snippet:-1","max-image-preview":"max-image-preview:large","max-video-preview":"max-video-preview:-1"},"canonical":"https:\/\/goodgamergroup.com\/pt-br\/2521-2\/","og_locale":"pt_BR","og_type":"article","og_title":"Te - Good Gamer Group","og_description":"A passagem padr\u00e3o de Lorem Ipsum, usada desde os anos 1500 \u201cLorem ipsum dolor sit amet, consectetur adipiscing elit, sed do eiusmod tempor incididunt ut labore et dolore magna aliqua. Ut enim ad minim veniam, quis nostrud exercitation ullamco laboris nisi ut aliquip ex ea commodo consequat. Duis aute irure dolor in reprehenderit in voluptate [&hellip;]","og_url":"https:\/\/goodgamergroup.com\/pt-br\/2521-2\/","og_site_name":"Good Gamer Group","article_modified_time":"2025-11-21T23:23:31+00:00","twitter_card":"summary_large_image","twitter_misc":{"Est. tempo de leitura":"4 minutos"},"schema":{"@context":"https:\/\/schema.org","@graph":[{"@type":"WebPage","@id":"https:\/\/goodgamergroup.com\/pt-br\/2521-2\/","url":"https:\/\/goodgamergroup.com\/pt-br\/2521-2\/","name":"Te - Good Gamer Group","isPartOf":{"@id":"https:\/\/goodgamergroup.com\/pt-br\/#website"},"datePublished":"2025-09-25T01:28:14+00:00","dateModified":"2025-11-21T23:23:31+00:00","breadcrumb":{"@id":"https:\/\/goodgamergroup.com\/pt-br\/2521-2\/#breadcrumb"},"inLanguage":"pt-BR","potentialAction":[{"@type":"ReadAction","target":["https:\/\/goodgamergroup.com\/pt-br\/2521-2\/"]}]},{"@type":"BreadcrumbList","@id":"https:\/\/goodgamergroup.com\/pt-br\/2521-2\/#breadcrumb","itemListElement":[{"@type":"ListItem","position":1,"name":"Home","item":"https:\/\/goodgamergroup.com\/pt-br\/inicio\/"},{"@type":"ListItem","position":2,"name":"Te"}]},{"@type":"WebSite","@id":"https:\/\/goodgamergroup.com\/pt-br\/#website","url":"https:\/\/goodgamergroup.com\/pt-br\/","name":"Good Gamer Group","description":"Seu site do WP Engine superpotente","publisher":{"@id":"https:\/\/goodgamergroup.com\/pt-br\/#organization"},"potentialAction":[{"@type":"SearchAction","target":{"@type":"EntryPoint","urlTemplate":"https:\/\/goodgamergroup.com\/pt-br\/?s={search_term_string}"},"query-input":{"@type":"PropertyValueSpecification","valueRequired":true,"valueName":"search_term_string"}}],"inLanguage":"pt-BR"},{"@type":"Organization","@id":"https:\/\/goodgamergroup.com\/pt-br\/#organization","name":"Good Gamer Group","url":"https:\/\/goodgamergroup.com\/pt-br\/","logo":{"@type":"ImageObject","inLanguage":"pt-BR","@id":"https:\/\/goodgamergroup.com\/pt-br\/#\/schema\/logo\/image\/","url":"https:\/\/goodgamergroup.com\/wp-content\/uploads\/2025\/09\/ggg-logo.webp","contentUrl":"https:\/\/goodgamergroup.com\/wp-content\/uploads\/2025\/09\/ggg-logo.webp","width":378,"height":104,"caption":"Good Gamer Group"},"image":{"@id":"https:\/\/goodgamergroup.com\/pt-br\/#\/schema\/logo\/image\/"}}]}},"_links":{"self":[{"href":"https:\/\/goodgamergroup.com\/pt-br\/wp-json\/wp\/v2\/pages\/2521","targetHints":{"allow":["GET"]}}],"collection":[{"href":"https:\/\/goodgamergroup.com\/pt-br\/wp-json\/wp\/v2\/pages"}],"about":[{"href":"https:\/\/goodgamergroup.com\/pt-br\/wp-json\/wp\/v2\/types\/page"}],"author":[{"embeddable":true,"href":"https:\/\/goodgamergroup.com\/pt-br\/wp-json\/wp\/v2\/users\/3"}],"replies":[{"embeddable":true,"href":"https:\/\/goodgamergroup.com\/pt-br\/wp-json\/wp\/v2\/comments?post=2521"}],"version-history":[{"count":0,"href":"https:\/\/goodgamergroup.com\/pt-br\/wp-json\/wp\/v2\/pages\/2521\/revisions"}],"wp:attachment":[{"href":"https:\/\/goodgamergroup.com\/pt-br\/wp-json\/wp\/v2\/media?parent=2521"}],"curies":[{"name":"wp","href":"https:\/\/api.w.org\/{rel}","templated":true}]}}